{"id":2330,"date":"2017-06-25T08:39:00","date_gmt":"2017-06-25T06:39:00","guid":{"rendered":"http:\/\/agrikultura.triennal.se\/?page_id=2330"},"modified":"2017-06-25T08:39:00","modified_gmt":"2017-06-25T06:39:00","slug":"workshops","status":"publish","type":"page","link":"https:\/\/agrikultura.triennal.se\/sv\/workshops\/","title":{"rendered":"(English) Workshops"},"content":{"rendered":"<p class=\"qtranxs-available-languages-message qtranxs-available-languages-message-sv\">Tyv\u00e4rr \u00e4r denna artikel enbart tillg\u00e4nglig p\u00e5 <a href=\"https:\/\/agrikultura.triennal.se\/en\/wp-json\/wp\/v2\/pages\/2330\" class=\"qtranxs-available-language-link qtranxs-available-language-link-en\" title=\"English\">English<\/a>.<\/p>","protected":false},"excerpt":{"rendered":"<p>Tyv\u00e4rr \u00e4r denna artikel enbart tillg\u00e4nglig p\u00e5 English.<\/p>\n","protected":false},"author":1,"featured_media":0,"parent":0,"menu_order":0,"comment_status":"closed","ping_status":"closed","template":"","meta":{"jetpack_post_was_ever_published":false,"footnotes":""},"class_list":["post-2330","page","type-page","status-publish","hentry"],"jetpack_sharing_enabled":true,"jetpack_shortlink":"https:\/\/wp.me\/P7savt-BA","_links":{"self":[{"href":"https:\/\/agrikultura.triennal.se\/sv\/wp-json\/wp\/v2\/pages\/2330","targetHints":{"allow":["GET"]}}],"collection":[{"href":"https:\/\/agrikultura.triennal.se\/sv\/wp-json\/wp\/v2\/pages"}],"about":[{"href":"https:\/\/agrikultura.triennal.se\/sv\/wp-json\/wp\/v2\/types\/page"}],"author":[{"embeddable":true,"href":"https:\/\/agrikultura.triennal.se\/sv\/wp-json\/wp\/v2\/users\/1"}],"replies":[{"embeddable":true,"href":"https:\/\/agrikultura.triennal.se\/sv\/wp-json\/wp\/v2\/comments?post=2330"}],"version-history":[{"count":1,"href":"https:\/\/agrikultura.triennal.se\/sv\/wp-json\/wp\/v2\/pages\/2330\/revisions"}],"predecessor-version":[{"id":2331,"href":"https:\/\/agrikultura.triennal.se\/sv\/wp-json\/wp\/v2\/pages\/2330\/revisions\/2331"}],"wp:attachment":[{"href":"https:\/\/agrikultura.triennal.se\/sv\/wp-json\/wp\/v2\/media?parent=2330"}],"curies":[{"name":"wp","href":"https:\/\/api.w.org\/{rel}","templated":true}]}}