{"id":149,"date":"2016-04-17T21:56:57","date_gmt":"2016-04-17T21:56:57","guid":{"rendered":"http:\/\/agrikultura.triennal.se\/?page_id=149"},"modified":"2017-04-21T09:45:18","modified_gmt":"2017-04-21T13:45:18","slug":"agrikultura","status":"publish","type":"page","link":"https:\/\/agrikultura.triennal.se\/sv\/agrikultura\/","title":{"rendered":"AGRIKULTURA"},"content":{"rendered":"<p>Agrikultura organiseras av Kulturf\u00f6reningen Triennal, en grupp konstn\u00e4rer fr\u00e5n Sverige och USA som har arrangerat tv\u00e5 utst\u00e4llningar tidigare med bidrag fr\u00e5n skandinaviska, europeiska och amerikanska konstn\u00e4rer. http:\/\/triennal.se.<\/p>\n<p>Byarna i s\u00f6dra Sverige grundades av jordbruket. M\u00f6llan, mejeriet, bageriet, smedjan och lanthandeln var alla direkt knutna till den brukade marken. Landskapet var ett sammanfl\u00e4tat n\u00e4tverk, sprunget ur den gemensamma nyttan.<\/p>\n<p>Kopplingen till jorden har aldrig helt f\u00f6rlorats. Sverige industrialiserades sent och flera har fortfarande tillg\u00e5ng till ett torp eller en g\u00e5rd som blivit sommarst\u00e4lle. Den svenska sommaren kulminerar i den ljusaste helgdagen p\u00e5 \u00e5ret, sommarsolst\u00e5ndet. Midsommar, en hednisk fest, firas med mat och dryck fr\u00e5n havet och den brukade jorden. Kolonitr\u00e4dg\u00e5rden \u00e4r en konkret l\u00e4ngtan till landet. Rosor skuggar t\u00e4ppan med jordgubbar, r\u00e4disor och gr\u00f6nk\u00e5l. De st\u00f6rre kolonierna st\u00e5tar med minitorp som vissa kolonister befolkar genom hela sommaren.<\/p>\n<p>I Hyllie finns m\u00e4ngder av kolonitr\u00e4dg\u00e5rdar, men Hyllie \u00e4r en g\u00e5ta. I \u00e4nden av S\u00f6dersl\u00e4tt, ligger Hyllie med den b\u00f6rdigaste jorden i landet, d\u00e4r friseras landskapet f\u00f6r Malm\u00f6s expansion. Landskapsstaden \u00e4r en stram strategi d\u00e4r den fruktbara jorden fl\u00e4tas samman med stadens urbanisering. Den goda jorden ligger fem minuter fr\u00e5n Kastrup. H\u00e4r samsas k\u00f6pcentret, Arenan och joggingstr\u00e5ken med h\u00f6gklassig \u00e5kermark (klass 10+ \u00e5kermark).<\/p>\n<p>Inf\u00f6r n\u00e4sta utst\u00e4llning vill vi ta oss an detta jordbruksarv. Upp till 30 inbjudna konstn\u00e4rer fr\u00e5n Sverige och \u00f6vriga v\u00e4rlden kommer att f\u00e5 m\u00f6jligheten att bidra med installationer, ljud och performancekonst p\u00e5 temat Agrikultura. Utst\u00e4llningen kommer mer specifikt st\u00e4lla fr\u00e5gorna: Hur f\u00f6rh\u00e5ller vi oss till skogen och jordbruket idag? Hur kan vi f\u00f6rst\u00e4rka v\u00e5rt kulturella och k\u00e4nslom\u00e4ssiga band till naturen som vi har \u00f6verutnyttjat? Hur kan vi \u00e5teruppta v\u00e5r avbrutna relation med naturen?<\/p>\n<p>Utst\u00e4llningen kommer att \u00e4ga rum i Hyllie juli och augusti 2017. Malm\u00f6 stad har g\u00e5tt med p\u00e5 att f\u00f6rl\u00e4gga utst\u00e4llningen p\u00e5 8 hektar i Hyllies planerade Engelska park. Invigningen av utst\u00e4llningen kommer att ske utomhus, d\u00e4r \u00e4ven en festm\u00e5ltid med n\u00e4rproducerad mat kommer h\u00e5llas som ett konstverk i sig sj\u00e4lv. Denna performativa m\u00e5ltid kommer skapas i samarbete med inbjudna konstn\u00e4rer, lokala matkreat\u00f6rer och kockar. Som Maja Kuzmanovic fr\u00e5n det Brysselbaserade konstn\u00e4rskollektivet [FoAM] skrev: \u201c Mat \u00e4r s\u00e5 mycket mer \u00e4n enbart biologiskt br\u00e4nsle. Som ett gemensamt sm\u00f6rjmedel \u00e4r mat en av de \u00e4ldsta kulturella produkterna, en symbol f\u00f6r g\u00e4stfrihet och gemenskap. \u00d6ver hela planeten f\u00f6r matritualer m\u00e4nniskor samman i graci\u00f6sa danser av givande och mottagande, fr\u00e5n enkla familjem\u00e5ltider till festliga banketter.\u201d<\/p>\n<p>Till skillnad fr\u00e5n den konventionella utst\u00e4llningen kommer Agrikultura att best\u00e5 av installationer, jordkonst projekt (land art), performances, mobila k\u00f6k och sammankomster utomhus. Konstverken str\u00e4cker sig fr\u00e5n robotar vars h\u00e4ckplanteringar skapar linjeteckningar i landskapet, ett flytande gr\u00f6nsaksland, deltagande performances d\u00e4r bes\u00f6karna visionerar framtidens livsmedelssystem, till \u201cprojektion mapping\u201d, projektioner som \u00e5teruppfinner jordbrukslandskapet, fr\u00e5n tr\u00e4dg\u00e5rdar som biologiska reningsverk, till hybrid fruktr\u00e4d d\u00e4r k\u00f6rsb\u00e4r, plommon och persikor blommar eller ger frukt samtidigt. Utst\u00e4llningen kommer ocks\u00e5 att arrangera festliga middagar, liknande symposier i antikens Grekland d\u00e4r filosofiska och intellektuella samtal \u00e4gde rum \u00f6ver en tallrik mat och ett glas vin.<\/p>\n<p>Konstn\u00e4rer kommer ha ett n\u00e4ra samarbete med n\u00e4rboende och med varandra. M\u00f6jligheter f\u00f6r konstn\u00e4rer att vara verksamma p\u00e5 plats genom \u201cresidencies\u201d \u00e4r en integrerad del av programmet och m\u00f6jligheter f\u00f6r samverkan och utbyte \u00e4r ytterst viktigt. V\u00e5rt m\u00e5l \u00e4r att bygga n\u00e4tverk f\u00f6r att s\u00e4kerst\u00e4lla fortsatta relationer \u00e4ven efter sj\u00e4lva eventet.<\/p>\n<p>Agrikultura kommer att bli kuraterad av konstn\u00e4ren Marek Walczak (sommarboende i L\u00f6vestad) och Amanda McDonald Crowley som \u00e4r New York baserad curator fr\u00e5n Australien. Crowley skapar samtidskonst och new mediautst\u00e4llningar med tv\u00e4rvetenskapligt fokus. P\u00e5 senare tid har hon s\u00e4rskilt intresserat sig f\u00f6r projekt som korsbefruktar konst, mat och jordbruk. Hon har tidigare bott och arbetat i Helsingfors.<\/p>\n<p>Vi har redan en prelimin\u00e4r lista \u00f6ver konstn\u00e4rer som har visat stort intresse f\u00f6r att l\u00e4mna in f\u00f6rslag, v\u00e5r intention \u00e4r att l\u00e5ta trettio konstn\u00e4rer delta, varav \u00e5tminstone h\u00e4lften fr\u00e5n Sverige och Norden, och \u00f6vriga fr\u00e5n andra l\u00e4nder. Varje helg kommer arrang\u00f6rer och konstn\u00e4rer erbjuda guidade turer, workshops och performance f\u00f6rest\u00e4llningar. F\u00f6r enstaka bes\u00f6kare kommer en augumenterad reality app att skapas som kan guida dem genom utst\u00e4llningen. V\u00e5rt m\u00e5l \u00e4r att skapa en unik upplevelse, som inte bara \u00e4r vacker, utan p\u00e5 ett \u00f6ppet, h\u00e5llbart, och smakligt s\u00e4tt inspirerar publiken att fundera p\u00e5 v\u00e5ra roller i ett framtida livsmedelssystem.<\/p>\n<p>Vi hoppas kunna g\u00f6ra detta p\u00e5 ett b\u00e5de tilltalande och h\u00e5llbart vis.<\/p>","protected":false},"excerpt":{"rendered":"<p>Agrikultura organiseras av Kulturf\u00f6reningen Triennal, en grupp konstn\u00e4rer fr\u00e5n Sverige och USA som har arrangerat tv\u00e5 utst\u00e4llningar tidigare med bidrag fr\u00e5n skandinaviska, europeiska och amerikanska konstn\u00e4rer. http:\/\/triennal.se. Byarna i s\u00f6dra Sverige grundades av jordbruket. M\u00f6llan, mejeriet, bageriet, smedjan och lanthandeln var alla direkt knutna till den brukade marken. Landskapet var ett sammanfl\u00e4tat n\u00e4tverk, sprunget ur [&hellip;]<\/p>\n","protected":false},"author":1,"featured_media":0,"parent":0,"menu_order":2,"comment_status":"closed","ping_status":"closed","template":"","meta":{"jetpack_post_was_ever_published":false,"footnotes":""},"class_list":["post-149","page","type-page","status-publish","hentry"],"jetpack_sharing_enabled":true,"jetpack_shortlink":"https:\/\/wp.me\/P7savt-2p","_links":{"self":[{"href":"https:\/\/agrikultura.triennal.se\/sv\/wp-json\/wp\/v2\/pages\/149","targetHints":{"allow":["GET"]}}],"collection":[{"href":"https:\/\/agrikultura.triennal.se\/sv\/wp-json\/wp\/v2\/pages"}],"about":[{"href":"https:\/\/agrikultura.triennal.se\/sv\/wp-json\/wp\/v2\/types\/page"}],"author":[{"embeddable":true,"href":"https:\/\/agrikultura.triennal.se\/sv\/wp-json\/wp\/v2\/users\/1"}],"replies":[{"embeddable":true,"href":"https:\/\/agrikultura.triennal.se\/sv\/wp-json\/wp\/v2\/comments?post=149"}],"version-history":[{"count":24,"href":"https:\/\/agrikultura.triennal.se\/sv\/wp-json\/wp\/v2\/pages\/149\/revisions"}],"predecessor-version":[{"id":1573,"href":"https:\/\/agrikultura.triennal.se\/sv\/wp-json\/wp\/v2\/pages\/149\/revisions\/1573"}],"wp:attachment":[{"href":"https:\/\/agrikultura.triennal.se\/sv\/wp-json\/wp\/v2\/media?parent=149"}],"curies":[{"name":"wp","href":"https:\/\/api.w.org\/{rel}","templated":true}]}}