{"id":1086,"date":"2017-04-12T13:48:00","date_gmt":"2017-04-12T17:48:00","guid":{"rendered":"http:\/\/agrikultura.triennal.se\/?page_id=1086"},"modified":"2021-10-07T11:37:51","modified_gmt":"2021-10-07T09:37:51","slug":"visit","status":"publish","type":"page","link":"https:\/\/agrikultura.triennal.se\/sv\/visit\/","title":{"rendered":"BES\u00d6K"},"content":{"rendered":"<p>V\u00e4lkommen till Agrikultura!<\/p>\n<p><span style=\"font-weight: 400;\">\u00d6ppet: 11:00 \u2013 18:00 varje fredag, l\u00f6rdag och s\u00f6ndag fr\u00e5n 1 juli till 27 augusti 2017<\/span><\/p>\n<p><span style=\"font-weight: 400;\">Guidade turer varje fredag, l\u00f6rdag och s\u00f6ndag.<\/span><br \/>\n<span style=\"font-weight: 400;\">Samling vid kiosken (den r\u00f6da containern) klockan 13.00 och 15.00.<\/span><br \/>\n<p class=\"error\">Basic Google Maps Placemarks error: JavaScript and\/or CSS files aren't loaded. If you're using do_shortcode() you need to add a filter to your theme first. See <a href=\"http:\/\/wordpress.org\/extend\/plugins\/basic-google-maps-placemarks\/faq\/\">the FAQ<\/a> for details.<\/p><\/p>\n<p><span style=\"font-weight: 400;\">Platsen ligger 5 minuters g\u00e5ngv\u00e4g fr\u00e5n t\u00e5gstationen i Hyllie<\/span>. <a href=\"http:\/\/agrikultura.triennal.se\/look-for-the-arrows\/\"><span style=\"font-weight: 400;\">F\u00f6lj de orangea skyltarna!<\/span>&nbsp;<\/a><a href=\"http:\/\/agrikultura.triennal.se\/look-for-the-arrows\/\"><img loading=\"lazy\" decoding=\"async\" data-attachment-id=\"2458\" data-permalink=\"https:\/\/agrikultura.triennal.se\/sv\/visit\/arrowto\/\" data-orig-file=\"https:\/\/agrikultura.triennal.se\/wp-content\/uploads\/2017\/04\/arrowto.png\" data-orig-size=\"80,80\" data-comments-opened=\"0\" data-image-meta=\"{&quot;aperture&quot;:&quot;0&quot;,&quot;credit&quot;:&quot;&quot;,&quot;camera&quot;:&quot;&quot;,&quot;caption&quot;:&quot;&quot;,&quot;created_timestamp&quot;:&quot;0&quot;,&quot;copyright&quot;:&quot;&quot;,&quot;focal_length&quot;:&quot;0&quot;,&quot;iso&quot;:&quot;0&quot;,&quot;shutter_speed&quot;:&quot;0&quot;,&quot;title&quot;:&quot;&quot;,&quot;orientation&quot;:&quot;0&quot;}\" data-image-title=\"arrowto\" data-image-description=\"\" data-image-caption=\"\" data-medium-file=\"https:\/\/agrikultura.triennal.se\/wp-content\/uploads\/2017\/04\/arrowto.png\" data-large-file=\"https:\/\/agrikultura.triennal.se\/wp-content\/uploads\/2017\/04\/arrowto.png\" class=\"alignnone wp-image-2458\" src=\"http:\/\/agrikultura.triennal.se\/wp-content\/uploads\/2017\/04\/arrowto.png\" alt=\"\" width=\"60\" height=\"60\"><\/a><br \/>\nTill Hyllie station tar det 6 minuter med t\u00e5g fr\u00e5n centrala Malm\u00f6, och 10 minuter fr\u00e5n K\u00f6penhamns flygplats Kastrup.<br \/>\n<a href=\"https:\/\/goo.gl\/maps\/i5abbdafXy32\">google map<\/a><br \/>\n<a href=\"https:\/\/www.hitta.se\/kartan\/partner?s=bc277c47\">hitta map<\/a><br \/>\n<a href=\"http:\/\/kartor.eniro.se\/m\/R9Itz\">Eniro historic\/current map<\/a><br \/>\n<a href=\"http:\/\/kartor.eniro.se\/m\/Cgsmv\">Eniro bikepath view<\/a><\/p>","protected":false},"excerpt":{"rendered":"<p>V\u00e4lkommen till Agrikultura! \u00d6ppet: 11:00 \u2013 18:00 varje fredag, l\u00f6rdag och s\u00f6ndag fr\u00e5n 1 juli till 27 augusti 2017 Guidade turer varje fredag, l\u00f6rdag och s\u00f6ndag. Samling vid kiosken (den r\u00f6da containern) klockan 13.00 och 15.00. Platsen ligger 5 minuters g\u00e5ngv\u00e4g fr\u00e5n t\u00e5gstationen i Hyllie. F\u00f6lj de orangea skyltarna!&nbsp; Till Hyllie station tar det 6 [&hellip;]<\/p>\n","protected":false},"author":1,"featured_media":0,"parent":0,"menu_order":0,"comment_status":"closed","ping_status":"closed","template":"page-templates\/front-page.php","meta":{"jetpack_post_was_ever_published":false,"footnotes":""},"class_list":["post-1086","page","type-page","status-publish","hentry"],"jetpack_sharing_enabled":true,"jetpack_shortlink":"https:\/\/wp.me\/P7savt-hw","_links":{"self":[{"href":"https:\/\/agrikultura.triennal.se\/sv\/wp-json\/wp\/v2\/pages\/1086","targetHints":{"allow":["GET"]}}],"collection":[{"href":"https:\/\/agrikultura.triennal.se\/sv\/wp-json\/wp\/v2\/pages"}],"about":[{"href":"https:\/\/agrikultura.triennal.se\/sv\/wp-json\/wp\/v2\/types\/page"}],"author":[{"embeddable":true,"href":"https:\/\/agrikultura.triennal.se\/sv\/wp-json\/wp\/v2\/users\/1"}],"replies":[{"embeddable":true,"href":"https:\/\/agrikultura.triennal.se\/sv\/wp-json\/wp\/v2\/comments?post=1086"}],"version-history":[{"count":25,"href":"https:\/\/agrikultura.triennal.se\/sv\/wp-json\/wp\/v2\/pages\/1086\/revisions"}],"predecessor-version":[{"id":3844,"href":"https:\/\/agrikultura.triennal.se\/sv\/wp-json\/wp\/v2\/pages\/1086\/revisions\/3844"}],"wp:attachment":[{"href":"https:\/\/agrikultura.triennal.se\/sv\/wp-json\/wp\/v2\/media?parent=1086"}],"curies":[{"name":"wp","href":"https:\/\/api.w.org\/{rel}","templated":true}]}}